{"id":51,"date":"2022-07-11T18:48:23","date_gmt":"2022-07-11T18:48:23","guid":{"rendered":"http:\/\/gabrielaolem.com\/?page_id=51"},"modified":"2024-08-21T20:08:44","modified_gmt":"2024-08-21T20:08:44","slug":"contact","status":"publish","type":"page","link":"https:\/\/gabrielaolem.com\/sv\/contact\/","title":{"rendered":"Kontakt"},"content":{"rendered":"<div data-elementor-type=\"wp-page\" data-elementor-id=\"51\" class=\"elementor elementor-51\" data-elementor-post-type=\"page\">\n\t\t\t\t\t\t<section class=\"elementor-section elementor-top-section elementor-element elementor-element-59a32f9 elementor-section-content-middle elementor-section-boxed elementor-section-height-default elementor-section-height-default\" data-id=\"59a32f9\" data-element_type=\"section\">\n\t\t\t\t\t\t<div class=\"elementor-container elementor-column-gap-default\">\n\t\t\t\t\t<div class=\"elementor-column elementor-col-50 elementor-top-column elementor-element elementor-element-61c147a2\" data-id=\"61c147a2\" data-element_type=\"column\">\n\t\t\t<div class=\"elementor-widget-wrap elementor-element-populated\">\n\t\t\t\t\t\t<div class=\"elementor-element elementor-element-1645bb71 elementor-widget__width-initial elementor-widget-tablet__width-initial elementor-widget-mobile__width-initial elementor-widget elementor-widget-text-editor\" data-id=\"1645bb71\" data-element_type=\"widget\" data-widget_type=\"text-editor.default\">\n\t\t\t\t<div class=\"elementor-widget-container\">\n\t\t\t\t\t\t\t\t\t<p><\/p>\n<p><span style=\"color: #000000; font-family: -apple-system, 'system-ui', 'Segoe UI', Roboto, Oxygen-Sans, Ubuntu, Cantarell, 'Helvetica Neue', sans-serif; font-size: 18px; white-space: pre-wrap;\">Vill du f\u00f6rst\u00e5 mer om n\u00e5got du s\u00e5g p\u00e5 min hemsidan? Eller kanske du \u00e4r redo att ha fantastiska minnen fr\u00e5n detta \u00f6gonblick som aldrig kommer tillbaka?! <\/span><\/p>\n<p><span style=\"color: #000000; font-family: -apple-system, 'system-ui', 'Segoe UI', Roboto, Oxygen-Sans, Ubuntu, Cantarell, 'Helvetica Neue', sans-serif; font-size: 18px; white-space: pre-wrap;\">Fyll i formul\u00e4ret s\u00e5 kontaktar jag dig s\u00e5 snart som m\u00f6jligt.<\/span><\/p>\n<p><span style=\"color: #000000; font-family: -apple-system, 'system-ui', 'Segoe UI', Roboto, Oxygen-Sans, Ubuntu, Cantarell, 'Helvetica Neue', sans-serif; font-size: 18px; white-space: pre-wrap;\">\/\/Gabi <img decoding=\"async\" class=\"emoji\" role=\"img\" draggable=\"false\" src=\"https:\/\/s.w.org\/images\/core\/emoji\/14.0.0\/svg\/1f90e.svg\" alt=\"\ud83e\udd0e\" \/><\/span><\/p>\n<p><\/p>\t\t\t\t\t\t\t\t<\/div>\n\t\t\t\t<\/div>\n\t\t\t\t\t<\/div>\n\t\t<\/div>\n\t\t\t\t<div class=\"elementor-column elementor-col-50 elementor-top-column elementor-element elementor-element-8ec5b0d\" data-id=\"8ec5b0d\" data-element_type=\"column\">\n\t\t\t<div class=\"elementor-widget-wrap elementor-element-populated\">\n\t\t\t\t\t\t<div class=\"elementor-element elementor-element-5d2c978 elementor-widget__width-initial elementor-widget-mobile__width-initial elementor-button-align-stretch elementor-widget elementor-widget-form\" data-id=\"5d2c978\" data-element_type=\"widget\" data-settings=\"{&quot;step_next_label&quot;:&quot;Next&quot;,&quot;step_previous_label&quot;:&quot;Previous&quot;,&quot;button_width&quot;:&quot;100&quot;,&quot;step_type&quot;:&quot;number_text&quot;,&quot;step_icon_shape&quot;:&quot;circle&quot;}\" data-widget_type=\"form.default\">\n\t\t\t\t<div class=\"elementor-widget-container\">\n\t\t\t\t\t\t\t<form class=\"elementor-form\" method=\"post\" name=\"Contact form\" action=\"\">\n\t\t\t<input type=\"hidden\" name=\"post_id\" value=\"51\"\/>\n\t\t\t<input type=\"hidden\" name=\"form_id\" value=\"5d2c978\"\/>\n\t\t\t<input type=\"hidden\" name=\"referer_title\" value=\"Contact - Gabriela Olem Fotograf\" \/>\n\n\t\t\t\t\t\t\t<input type=\"hidden\" name=\"queried_id\" value=\"51\"\/>\n\t\t\t\n\t\t\t<div class=\"elementor-form-fields-wrapper elementor-labels-above\">\n\t\t\t\t\t\t\t\t<div class=\"elementor-field-type-text elementor-field-group elementor-column elementor-field-group-name elementor-col-100 elementor-field-required elementor-mark-required\">\n\t\t\t\t\t\t\t\t\t\t\t\t<label for=\"form-field-name\" class=\"elementor-field-label\">\n\t\t\t\t\t\t\t\tNamn\t\t\t\t\t\t\t<\/label>\n\t\t\t\t\t\t\t\t\t\t\t\t\t\t<input size=\"1\" type=\"text\" name=\"form_fields[name]\" id=\"form-field-name\" class=\"elementor-field elementor-size-sm  elementor-field-textual\" placeholder=\"Ditt namn h\u00e4r\" required=\"required\">\n\t\t\t\t\t\t\t\t\t\t\t<\/div>\n\t\t\t\t\t\t\t\t<div class=\"elementor-field-type-email elementor-field-group elementor-column elementor-field-group-email elementor-col-100 elementor-field-required elementor-mark-required\">\n\t\t\t\t\t\t\t\t\t\t\t\t<label for=\"form-field-email\" class=\"elementor-field-label\">\n\t\t\t\t\t\t\t\tE-post\t\t\t\t\t\t\t<\/label>\n\t\t\t\t\t\t\t\t\t\t\t\t\t\t<input size=\"1\" type=\"email\" name=\"form_fields[email]\" id=\"form-field-email\" class=\"elementor-field elementor-size-sm  elementor-field-textual\" placeholder=\"Ditt e-post h\u00e4r\" required=\"required\">\n\t\t\t\t\t\t\t\t\t\t\t<\/div>\n\t\t\t\t\t\t\t\t<div class=\"elementor-field-type-select elementor-field-group elementor-column elementor-field-group-field_31834e9 elementor-col-100\">\n\t\t\t\t\t\t\t\t\t\t\t\t<label for=\"form-field-field_31834e9\" class=\"elementor-field-label\">\n\t\t\t\t\t\t\t\tJag \u00e4r intresserade av...\t\t\t\t\t\t\t<\/label>\n\t\t\t\t\t\t\t\t<div class=\"elementor-field elementor-select-wrapper remove-before\">\n\t\t\t<div class=\"select-caret-down-wrapper\">\n\t\t\t\t<i aria-hidden=\"true\" class=\"eicon-caret-down\"><\/i>\t\t\t<\/div>\n\t\t\t<select name=\"form_fields[field_31834e9]\" id=\"form-field-field_31834e9\" class=\"elementor-field-textual elementor-size-sm\">\n\t\t\t\t\t\t\t\t\t<option value=\"Not specified\">Ej angivet<\/option>\n\t\t\t\t\t\t\t\t\t<option value=\"Family\">Familj<\/option>\n\t\t\t\t\t\t\t\t\t<option value=\"Child\">Barn<\/option>\n\t\t\t\t\t\t\t\t\t<option value=\"Couple\">Par<\/option>\n\t\t\t\t\t\t\t\t\t<option value=\"Pregnancy\">Gravid<\/option>\n\t\t\t\t\t\t\t\t\t<option value=\"Portrait\">Portr\u00e4tt<\/option>\n\t\t\t\t\t\t\t\t\t<option value=\"Corporate\">F\u00f6retag<\/option>\n\t\t\t\t\t\t\t<\/select>\n\t\t<\/div>\n\t\t\t\t\t\t<\/div>\n\t\t\t\t\t\t\t\t<div class=\"elementor-field-type-textarea elementor-field-group elementor-column elementor-field-group-message elementor-col-100\">\n\t\t\t\t\t\t\t\t\t\t\t\t<label for=\"form-field-message\" class=\"elementor-field-label\">\n\t\t\t\t\t\t\t\tMeddelande\t\t\t\t\t\t\t<\/label>\n\t\t\t\t\t\t<textarea class=\"elementor-field-textual elementor-field  elementor-size-sm\" name=\"form_fields[message]\" id=\"form-field-message\" rows=\"4\" placeholder=\"Kan du ge lite detaljer om vad du vill ha och\/eller beh\u00f6ver?\"><\/textarea>\t\t\t\t<\/div>\n\t\t\t\t\t\t\t\t<div class=\"elementor-field-type-recaptcha_v3 elementor-field-group elementor-column elementor-field-group-field_493b8be elementor-col-100 recaptcha_v3-bottomright\">\n\t\t\t\t\t<div class=\"elementor-field\" id=\"form-field-field_493b8be\"><div class=\"elementor-g-recaptcha\" data-sitekey=\"6LeZY-MhAAAAAPuFJtJFZeW7g2jxyrNR0YXYk8oa\" data-type=\"v3\" data-action=\"Form\" data-badge=\"bottomright\" data-size=\"invisible\"><\/div><\/div>\t\t\t\t<\/div>\n\t\t\t\t\t\t\t\t<div class=\"elementor-field-type-html elementor-field-group elementor-column elementor-field-group-field_f00d68e elementor-col-100\">\n\t\t\t\t\t<span style=\"\u201dfont-size:12px\u201d\">Denna webbplats \u00e4r skyddad av reCAPTCHA och Googles <a href=\"\/sv\/\u201dhttps:\/\/policies.google.com\/privacy\u201d\/\">sekretesspolicy<\/a> och <a href=\"\/sv\/\u201dhttps:\/\/policies.google.com\/terms\u201d\/\">anv\u00e4ndarvillkor<\/a> g\u00e4ller.<\/span>\t\t\t\t<\/div>\n\t\t\t\t\t\t\t\t<div class=\"elementor-field-group elementor-column elementor-field-type-submit elementor-col-100 e-form__buttons\">\n\t\t\t\t\t<button class=\"elementor-button elementor-size-sm\" type=\"submit\">\n\t\t\t\t\t\t<span class=\"elementor-button-content-wrapper\">\n\t\t\t\t\t\t\t\t\t\t\t\t\t\t\t<span class=\"elementor-button-icon\">\n\t\t\t\t\t\t\t\t\t<i aria-hidden=\"true\" class=\"fas fa-location-arrow\"><\/i>\t\t\t\t\t\t\t\t\t\t\t\t\t\t\t\t\t<\/span>\n\t\t\t\t\t\t\t\t\t\t\t\t\t\t\t\t\t\t\t\t\t\t<span class=\"elementor-button-text\">Skicka<\/span>\n\t\t\t\t\t\t\t\t\t\t\t\t\t<\/span>\n\t\t\t\t\t<\/button>\n\t\t\t\t<\/div>\n\t\t\t<\/div>\n\t\t<input type=\"hidden\" name=\"trp-form-language\" value=\"sv\"\/><\/form>\n\t\t\t\t\t\t<\/div>\n\t\t\t\t<\/div>\n\t\t\t\t\t<\/div>\n\t\t<\/div>\n\t\t\t\t\t<\/div>\n\t\t<\/section>\n\t\t\t\t<section class=\"elementor-section elementor-top-section elementor-element elementor-element-99852ce elementor-section-boxed elementor-section-height-default elementor-section-height-default\" data-id=\"99852ce\" data-element_type=\"section\">\n\t\t\t\t\t\t<div class=\"elementor-container elementor-column-gap-default\">\n\t\t\t\t\t<div class=\"elementor-column elementor-col-100 elementor-top-column elementor-element elementor-element-f1714fc\" data-id=\"f1714fc\" data-element_type=\"column\">\n\t\t\t<div class=\"elementor-widget-wrap elementor-element-populated\">\n\t\t\t\t\t\t<div class=\"elementor-element elementor-element-792f4fc elementor-shape-circle elementor-grid-0 e-grid-align-center elementor-widget elementor-widget-social-icons\" data-id=\"792f4fc\" data-element_type=\"widget\" data-widget_type=\"social-icons.default\">\n\t\t\t\t<div class=\"elementor-widget-container\">\n\t\t\t\t\t\t\t<div class=\"elementor-social-icons-wrapper elementor-grid\" role=\"list\">\n\t\t\t\t\t\t\t<span class=\"elementor-grid-item\" role=\"listitem\">\n\t\t\t\t\t<a class=\"elementor-icon elementor-social-icon elementor-social-icon-facebook elementor-repeater-item-bc6febb\" href=\"https:\/\/www.facebook.com\/Gab.Olem\" target=\"_blank\">\n\t\t\t\t\t\t<span class=\"elementor-screen-only\">Facebook<\/span>\n\t\t\t\t\t\t<i aria-hidden=\"true\" class=\"fab fa-facebook\"><\/i>\t\t\t\t\t<\/a>\n\t\t\t\t<\/span>\n\t\t\t\t\t\t\t<span class=\"elementor-grid-item\" role=\"listitem\">\n\t\t\t\t\t<a class=\"elementor-icon elementor-social-icon elementor-social-icon-instagram elementor-repeater-item-3522efe\" href=\"https:\/\/www.instagram.com\/gabrielaolem.foto\/\" target=\"_blank\">\n\t\t\t\t\t\t<span class=\"elementor-screen-only\">Instagram<\/span>\n\t\t\t\t\t\t<i aria-hidden=\"true\" class=\"fab fa-instagram\"><\/i>\t\t\t\t\t<\/a>\n\t\t\t\t<\/span>\n\t\t\t\t\t<\/div>\n\t\t\t\t\t\t<\/div>\n\t\t\t\t<\/div>\n\t\t\t\t\t<\/div>\n\t\t<\/div>\n\t\t\t\t\t<\/div>\n\t\t<\/section>\n\t\t\t\t<section class=\"elementor-section elementor-top-section elementor-element elementor-element-f75ec97 elementor-section-boxed elementor-section-height-default elementor-section-height-default\" data-id=\"f75ec97\" data-element_type=\"section\">\n\t\t\t\t\t\t<div class=\"elementor-container elementor-column-gap-default\">\n\t\t\t\t\t<div class=\"elementor-column elementor-col-100 elementor-top-column elementor-element elementor-element-b8df783\" data-id=\"b8df783\" data-element_type=\"column\">\n\t\t\t<div class=\"elementor-widget-wrap elementor-element-populated\">\n\t\t\t\t\t\t<div class=\"elementor-element elementor-element-5d79989 elementor-widget elementor-widget-image\" data-id=\"5d79989\" data-element_type=\"widget\" data-widget_type=\"image.default\">\n\t\t\t\t<div class=\"elementor-widget-container\">\n\t\t\t\t\t\t\t\t\t\t\t\t\t\t\t<img decoding=\"async\" src=\"https:\/\/gabrielaolem.com\/wp-content\/uploads\/elementor\/thumbs\/Gabriela-Olem-Fotograf-Kalmar-O\u0308land_86-pttvpaych3nityd9265ntd2ggfcvacb9u2wlk0awp0.jpg\" title=\"Gabriela Olem Fotograf Kalmar O\u0308land_86\" alt=\"Gabriela Olem Fotograf Kalmar O\u0308land_86\" loading=\"lazy\" \/>\t\t\t\t\t\t\t\t\t\t\t\t\t\t\t<\/div>\n\t\t\t\t<\/div>\n\t\t\t\t\t<\/div>\n\t\t<\/div>\n\t\t\t\t\t<\/div>\n\t\t<\/section>\n\t\t\t\t<\/div>","protected":false},"excerpt":{"rendered":"<p>Do you want to understand more about something you saw on this site? Or maybe you are ready to have amazing memories from this moment in time that will never come back?! Fill in the form and I will get in touch with you as soon as possible. \/\/Gabi Facebook Instagram<\/p>","protected":false},"author":1,"featured_media":0,"parent":0,"menu_order":0,"comment_status":"closed","ping_status":"closed","template":"","meta":{"footnotes":""},"class_list":["post-51","page","type-page","status-publish","hentry"],"yoast_head":"<!-- This site is optimized with the Yoast SEO plugin v27.2 - https:\/\/yoast.com\/product\/yoast-seo-wordpress\/ -->\n<title>Contact - Gabriela Olem Fotograf<\/title>\n<meta name=\"robots\" content=\"index, follow, max-snippet:-1, max-image-preview:large, max-video-preview:-1\" \/>\n<link rel=\"canonical\" href=\"https:\/\/gabrielaolem.com\/sv\/contact\/\" \/>\n<meta property=\"og:locale\" content=\"sv_SE\" \/>\n<meta property=\"og:type\" content=\"article\" \/>\n<meta property=\"og:title\" content=\"Contact - Gabriela Olem Fotograf\" \/>\n<meta property=\"og:description\" content=\"Do you want to understand more about something you saw on this site? Or maybe you are ready to have amazing memories from this moment in time that will never come back?! Fill in the form and I will get in touch with you as soon as possible. \/\/Gabi Facebook Instagram\" \/>\n<meta property=\"og:url\" content=\"https:\/\/gabrielaolem.com\/sv\/contact\/\" \/>\n<meta property=\"og:site_name\" content=\"Gabriela Olem Fotograf\" \/>\n<meta property=\"article:publisher\" content=\"https:\/\/www.facebook.com\/Gab.Olem\" \/>\n<meta property=\"article:modified_time\" content=\"2024-08-21T20:08:44+00:00\" \/>\n<meta property=\"og:image\" content=\"https:\/\/s.w.org\/images\/core\/emoji\/14.0.0\/svg\/1f90e.svg\" \/>\n<meta name=\"twitter:card\" content=\"summary_large_image\" \/>\n<meta name=\"twitter:label1\" content=\"Ber\u00e4knad l\u00e4stid\" \/>\n\t<meta name=\"twitter:data1\" content=\"1 minut\" \/>\n<script type=\"application\/ld+json\" class=\"yoast-schema-graph\">{\"@context\":\"https:\/\/schema.org\",\"@graph\":[{\"@type\":\"WebPage\",\"@id\":\"https:\/\/gabrielaolem.com\/contact\/\",\"url\":\"https:\/\/gabrielaolem.com\/contact\/\",\"name\":\"Contact - Gabriela Olem Fotograf\",\"isPartOf\":{\"@id\":\"https:\/\/gabrielaolem.com\/#website\"},\"primaryImageOfPage\":{\"@id\":\"https:\/\/gabrielaolem.com\/contact\/#primaryimage\"},\"image\":{\"@id\":\"https:\/\/gabrielaolem.com\/contact\/#primaryimage\"},\"thumbnailUrl\":\"https:\/\/s.w.org\/images\/core\/emoji\/14.0.0\/svg\/1f90e.svg\",\"datePublished\":\"2022-07-11T18:48:23+00:00\",\"dateModified\":\"2024-08-21T20:08:44+00:00\",\"breadcrumb\":{\"@id\":\"https:\/\/gabrielaolem.com\/contact\/#breadcrumb\"},\"inLanguage\":\"sv-SE\",\"potentialAction\":[{\"@type\":\"ReadAction\",\"target\":[\"https:\/\/gabrielaolem.com\/contact\/\"]}]},{\"@type\":\"ImageObject\",\"inLanguage\":\"sv-SE\",\"@id\":\"https:\/\/gabrielaolem.com\/contact\/#primaryimage\",\"url\":\"https:\/\/s.w.org\/images\/core\/emoji\/14.0.0\/svg\/1f90e.svg\",\"contentUrl\":\"https:\/\/s.w.org\/images\/core\/emoji\/14.0.0\/svg\/1f90e.svg\"},{\"@type\":\"BreadcrumbList\",\"@id\":\"https:\/\/gabrielaolem.com\/contact\/#breadcrumb\",\"itemListElement\":[{\"@type\":\"ListItem\",\"position\":1,\"name\":\"Home\",\"item\":\"https:\/\/gabrielaolem.com\/\"},{\"@type\":\"ListItem\",\"position\":2,\"name\":\"Contact\"}]},{\"@type\":\"WebSite\",\"@id\":\"https:\/\/gabrielaolem.com\/#website\",\"url\":\"https:\/\/gabrielaolem.com\/\",\"name\":\"Gabriela Olem Fotograf\",\"description\":\"Photographer in Kalmar, \u00d6land and region \/\/ Fotograf i Kalmar, \u00d6land och region\",\"publisher\":{\"@id\":\"https:\/\/gabrielaolem.com\/#organization\"},\"potentialAction\":[{\"@type\":\"SearchAction\",\"target\":{\"@type\":\"EntryPoint\",\"urlTemplate\":\"https:\/\/gabrielaolem.com\/?s={search_term_string}\"},\"query-input\":{\"@type\":\"PropertyValueSpecification\",\"valueRequired\":true,\"valueName\":\"search_term_string\"}}],\"inLanguage\":\"sv-SE\"},{\"@type\":\"Organization\",\"@id\":\"https:\/\/gabrielaolem.com\/#organization\",\"name\":\"Gabriela Olem Fotograf\",\"url\":\"https:\/\/gabrielaolem.com\/\",\"logo\":{\"@type\":\"ImageObject\",\"inLanguage\":\"sv-SE\",\"@id\":\"https:\/\/gabrielaolem.com\/#\/schema\/logo\/image\/\",\"url\":\"https:\/\/gabrielaolem.com\/wp-content\/uploads\/2022\/07\/Ramo-e-texto-marrom.png\",\"contentUrl\":\"https:\/\/gabrielaolem.com\/wp-content\/uploads\/2022\/07\/Ramo-e-texto-marrom.png\",\"width\":2199,\"height\":1031,\"caption\":\"Gabriela Olem Fotograf\"},\"image\":{\"@id\":\"https:\/\/gabrielaolem.com\/#\/schema\/logo\/image\/\"},\"sameAs\":[\"https:\/\/www.facebook.com\/Gab.Olem\",\"https:\/\/www.instagram.com\/gabrielaolem.foto\/\"]}]}<\/script>\n<!-- \/ Yoast SEO plugin. -->","yoast_head_json":{"title":"Contact - Gabriela Olem Fotograf","robots":{"index":"index","follow":"follow","max-snippet":"max-snippet:-1","max-image-preview":"max-image-preview:large","max-video-preview":"max-video-preview:-1"},"canonical":"https:\/\/gabrielaolem.com\/sv\/contact\/","og_locale":"sv_SE","og_type":"article","og_title":"Contact - Gabriela Olem Fotograf","og_description":"Do you want to understand more about something you saw on this site? Or maybe you are ready to have amazing memories from this moment in time that will never come back?! Fill in the form and I will get in touch with you as soon as possible. \/\/Gabi Facebook Instagram","og_url":"https:\/\/gabrielaolem.com\/sv\/contact\/","og_site_name":"Gabriela Olem Fotograf","article_publisher":"https:\/\/www.facebook.com\/Gab.Olem","article_modified_time":"2024-08-21T20:08:44+00:00","og_image":[{"url":"https:\/\/s.w.org\/images\/core\/emoji\/14.0.0\/svg\/1f90e.svg","type":"","width":"","height":""}],"twitter_card":"summary_large_image","twitter_misc":{"Ber\u00e4knad l\u00e4stid":"1 minut"},"schema":{"@context":"https:\/\/schema.org","@graph":[{"@type":"WebPage","@id":"https:\/\/gabrielaolem.com\/contact\/","url":"https:\/\/gabrielaolem.com\/contact\/","name":"Contact - Gabriela Olem Fotograf","isPartOf":{"@id":"https:\/\/gabrielaolem.com\/#website"},"primaryImageOfPage":{"@id":"https:\/\/gabrielaolem.com\/contact\/#primaryimage"},"image":{"@id":"https:\/\/gabrielaolem.com\/contact\/#primaryimage"},"thumbnailUrl":"https:\/\/s.w.org\/images\/core\/emoji\/14.0.0\/svg\/1f90e.svg","datePublished":"2022-07-11T18:48:23+00:00","dateModified":"2024-08-21T20:08:44+00:00","breadcrumb":{"@id":"https:\/\/gabrielaolem.com\/contact\/#breadcrumb"},"inLanguage":"sv-SE","potentialAction":[{"@type":"ReadAction","target":["https:\/\/gabrielaolem.com\/contact\/"]}]},{"@type":"ImageObject","inLanguage":"sv-SE","@id":"https:\/\/gabrielaolem.com\/contact\/#primaryimage","url":"https:\/\/s.w.org\/images\/core\/emoji\/14.0.0\/svg\/1f90e.svg","contentUrl":"https:\/\/s.w.org\/images\/core\/emoji\/14.0.0\/svg\/1f90e.svg"},{"@type":"BreadcrumbList","@id":"https:\/\/gabrielaolem.com\/contact\/#breadcrumb","itemListElement":[{"@type":"ListItem","position":1,"name":"Home","item":"https:\/\/gabrielaolem.com\/"},{"@type":"ListItem","position":2,"name":"Contact"}]},{"@type":"WebSite","@id":"https:\/\/gabrielaolem.com\/#website","url":"https:\/\/gabrielaolem.com\/","name":"Gabriela Olem Fotograf","description":"Photographer in Kalmar, \u00d6land and region \/\/ Fotograf i Kalmar, \u00d6land och region","publisher":{"@id":"https:\/\/gabrielaolem.com\/#organization"},"potentialAction":[{"@type":"SearchAction","target":{"@type":"EntryPoint","urlTemplate":"https:\/\/gabrielaolem.com\/?s={search_term_string}"},"query-input":{"@type":"PropertyValueSpecification","valueRequired":true,"valueName":"search_term_string"}}],"inLanguage":"sv-SE"},{"@type":"Organization","@id":"https:\/\/gabrielaolem.com\/#organization","name":"Gabriela Olem Fotograf","url":"https:\/\/gabrielaolem.com\/","logo":{"@type":"ImageObject","inLanguage":"sv-SE","@id":"https:\/\/gabrielaolem.com\/#\/schema\/logo\/image\/","url":"https:\/\/gabrielaolem.com\/wp-content\/uploads\/2022\/07\/Ramo-e-texto-marrom.png","contentUrl":"https:\/\/gabrielaolem.com\/wp-content\/uploads\/2022\/07\/Ramo-e-texto-marrom.png","width":2199,"height":1031,"caption":"Gabriela Olem Fotograf"},"image":{"@id":"https:\/\/gabrielaolem.com\/#\/schema\/logo\/image\/"},"sameAs":["https:\/\/www.facebook.com\/Gab.Olem","https:\/\/www.instagram.com\/gabrielaolem.foto\/"]}]}},"_links":{"self":[{"href":"https:\/\/gabrielaolem.com\/sv\/wp-json\/wp\/v2\/pages\/51","targetHints":{"allow":["GET"]}}],"collection":[{"href":"https:\/\/gabrielaolem.com\/sv\/wp-json\/wp\/v2\/pages"}],"about":[{"href":"https:\/\/gabrielaolem.com\/sv\/wp-json\/wp\/v2\/types\/page"}],"author":[{"embeddable":true,"href":"https:\/\/gabrielaolem.com\/sv\/wp-json\/wp\/v2\/users\/1"}],"replies":[{"embeddable":true,"href":"https:\/\/gabrielaolem.com\/sv\/wp-json\/wp\/v2\/comments?post=51"}],"version-history":[{"count":62,"href":"https:\/\/gabrielaolem.com\/sv\/wp-json\/wp\/v2\/pages\/51\/revisions"}],"predecessor-version":[{"id":825,"href":"https:\/\/gabrielaolem.com\/sv\/wp-json\/wp\/v2\/pages\/51\/revisions\/825"}],"wp:attachment":[{"href":"https:\/\/gabrielaolem.com\/sv\/wp-json\/wp\/v2\/media?parent=51"}],"curies":[{"name":"wp","href":"https:\/\/api.w.org\/{rel}","templated":true}]}}