{"id":50,"date":"2022-07-11T18:48:23","date_gmt":"2022-07-11T18:48:23","guid":{"rendered":"http:\/\/gabrielaolem.com\/?page_id=50"},"modified":"2022-10-11T19:59:32","modified_gmt":"2022-10-11T19:59:32","slug":"about","status":"publish","type":"page","link":"https:\/\/gabrielaolem.com\/sv\/about\/","title":{"rendered":"Om mig"},"content":{"rendered":"<div data-elementor-type=\"wp-page\" data-elementor-id=\"50\" class=\"elementor elementor-50\" data-elementor-post-type=\"page\">\n\t\t\t\t\t\t<section class=\"elementor-section elementor-top-section elementor-element elementor-element-29882747 elementor-section-full_width elementor-section-height-default elementor-section-height-default\" data-id=\"29882747\" data-element_type=\"section\">\n\t\t\t\t\t\t<div class=\"elementor-container elementor-column-gap-default\">\n\t\t\t\t\t<div class=\"elementor-column elementor-col-100 elementor-top-column elementor-element elementor-element-1ca01894\" data-id=\"1ca01894\" data-element_type=\"column\">\n\t\t\t<div class=\"elementor-widget-wrap elementor-element-populated\">\n\t\t\t\t\t\t<div class=\"elementor-element elementor-element-1e0d80f8 elementor-widget elementor-widget-text-editor\" data-id=\"1e0d80f8\" data-element_type=\"widget\" data-widget_type=\"text-editor.default\">\n\t\t\t\t<div class=\"elementor-widget-container\">\n\t\t\t\t\t\t\t\t\t\n<h2>Oi, hello, hej hej!<\/h2>\n\t\t\t\t\t\t\t\t<\/div>\n\t\t\t\t<\/div>\n\t\t\t\t\t<\/div>\n\t\t<\/div>\n\t\t\t\t\t<\/div>\n\t\t<\/section>\n\t\t\t\t<section class=\"elementor-section elementor-top-section elementor-element elementor-element-5b9be4e elementor-section-boxed elementor-section-height-default elementor-section-height-default\" data-id=\"5b9be4e\" data-element_type=\"section\">\n\t\t\t\t\t\t<div class=\"elementor-container elementor-column-gap-extended\">\n\t\t\t\t\t<div class=\"elementor-column elementor-col-50 elementor-top-column elementor-element elementor-element-69addff\" data-id=\"69addff\" data-element_type=\"column\">\n\t\t\t<div class=\"elementor-widget-wrap elementor-element-populated\">\n\t\t\t\t\t\t<div class=\"elementor-element elementor-element-65f2b8b elementor-widget elementor-widget-image\" data-id=\"65f2b8b\" data-element_type=\"widget\" data-widget_type=\"image.default\">\n\t\t\t\t<div class=\"elementor-widget-container\">\n\t\t\t\t\t\t\t\t\t\t\t\t\t\t\t<img decoding=\"async\" src=\"https:\/\/gabrielaolem.com\/wp-content\/uploads\/elementor\/thumbs\/MG_8210-pw2l12hwdi3qjvlyw7sny5yap1atjt2lf55qhzxa4o.jpg\" title=\"_MG_8210\" alt=\"_MG_8210\" loading=\"lazy\" \/>\t\t\t\t\t\t\t\t\t\t\t\t\t\t\t<\/div>\n\t\t\t\t<\/div>\n\t\t\t\t<div class=\"elementor-element elementor-element-3efb411 elementor-widget elementor-widget-image\" data-id=\"3efb411\" data-element_type=\"widget\" data-widget_type=\"image.default\">\n\t\t\t\t<div class=\"elementor-widget-container\">\n\t\t\t\t\t\t\t\t\t\t\t\t\t\t\t<img fetchpriority=\"high\" decoding=\"async\" width=\"300\" height=\"300\" src=\"https:\/\/gabrielaolem.com\/wp-content\/uploads\/2022\/10\/MG_8163-300x300.jpg\" class=\"attachment-medium size-medium wp-image-780\" alt=\"\" srcset=\"https:\/\/gabrielaolem.com\/wp-content\/uploads\/2022\/10\/MG_8163-300x300.jpg 300w, https:\/\/gabrielaolem.com\/wp-content\/uploads\/2022\/10\/MG_8163-1024x1024.jpg 1024w, https:\/\/gabrielaolem.com\/wp-content\/uploads\/2022\/10\/MG_8163-150x150.jpg 150w, https:\/\/gabrielaolem.com\/wp-content\/uploads\/2022\/10\/MG_8163-768x768.jpg 768w\" sizes=\"(max-width: 300px) 100vw, 300px\" \/>\t\t\t\t\t\t\t\t\t\t\t\t\t\t\t<\/div>\n\t\t\t\t<\/div>\n\t\t\t\t\t<\/div>\n\t\t<\/div>\n\t\t\t\t<div class=\"elementor-column elementor-col-50 elementor-top-column elementor-element elementor-element-635b6f4\" data-id=\"635b6f4\" data-element_type=\"column\">\n\t\t\t<div class=\"elementor-widget-wrap elementor-element-populated\">\n\t\t\t\t\t\t<div class=\"elementor-element elementor-element-4a92c28 elementor-widget elementor-widget-text-editor\" data-id=\"4a92c28\" data-element_type=\"widget\" data-widget_type=\"text-editor.default\">\n\t\t\t\t<div class=\"elementor-widget-container\">\n\t\t\t\t\t\t\t\t\t<p>Jag \u00e4r Gabriela, en brasiliansk bosatt i Kalmar, Sverige. Jag \u00e4r gift och har en vacker och fantastisk liten pojke. Du kanske har turen att tr\u00e4ffa honom p\u00e5 en fotografering, eftersom min man vanligtvis \u00e4r min assistent och han b\u00e4r barnet i ryggen samtidigt som han hj\u00e4lper mig.<\/p>\n<p>F\u00f6rutom att vara fotograf \u00e4r jag \u00e4ven f\u00f6rel\u00e4sare i medieproduktion (foto och video) vid institutionen f\u00f6r medier och journalistik vid Linn\u00e9universitetet (Kalmar).<\/p>\n<p>Jag \u00e4lskar autentiska uttryck som dyker upp i bilderna och jag \u00e4lskar att alla ska ha roligt under sessionerna, s\u00e5 jag f\u00f6rs\u00f6ker f\u00e5 med detta s\u00e5 mycket som m\u00f6jligt till min fotografering genom speciella tekniker.<\/p>\n<p>Min passion \u00e4r att fotografera barn, familjer och gravida, men jag \u00e4r definitivt \u00f6ppen och entusiastisk \u00f6ver att fotografera andra sorters motiv!<\/p>\n<p>Fyll i kontaktformul\u00e4ret och d\u00e5 k\u00f6r vi, jag kommer bli superglad att h\u00f6ra fr\u00e5n dig! <img decoding=\"async\" class=\"emoji\" role=\"img\" draggable=\"false\" src=\"https:\/\/s.w.org\/images\/core\/emoji\/14.0.0\/svg\/1f90e.svg\" alt=\"\ud83e\udd0e\" \/><\/p>\t\t\t\t\t\t\t\t<\/div>\n\t\t\t\t<\/div>\n\t\t\t\t\t<\/div>\n\t\t<\/div>\n\t\t\t\t\t<\/div>\n\t\t<\/section>\n\t\t\t\t<\/div>","protected":false},"excerpt":{"rendered":"<p>Oi, hello, hej hej! I am Gabriela, a Brazilian living in Kalmar, Sweden. I am married and have one beautiful and amazing little boy. You may have the luck to meet him in a photo shoot, since my husband is usually my assistant and he carries the baby in the back while assisting me. Besides [&hellip;]<\/p>","protected":false},"author":1,"featured_media":131,"parent":0,"menu_order":0,"comment_status":"closed","ping_status":"closed","template":"","meta":{"footnotes":""},"class_list":["post-50","page","type-page","status-publish","has-post-thumbnail","hentry"],"yoast_head":"<!-- This site is optimized with the Yoast SEO plugin v27.2 - https:\/\/yoast.com\/product\/yoast-seo-wordpress\/ -->\n<title>About - Gabriela Olem Fotograf<\/title>\n<meta name=\"robots\" content=\"index, follow, max-snippet:-1, max-image-preview:large, max-video-preview:-1\" \/>\n<link rel=\"canonical\" href=\"https:\/\/gabrielaolem.com\/sv\/about\/\" \/>\n<meta property=\"og:locale\" content=\"sv_SE\" \/>\n<meta property=\"og:type\" content=\"article\" \/>\n<meta property=\"og:title\" content=\"About - Gabriela Olem Fotograf\" \/>\n<meta property=\"og:description\" content=\"Oi, hello, hej hej! I am Gabriela, a Brazilian living in Kalmar, Sweden. I am married and have one beautiful and amazing little boy. You may have the luck to meet him in a photo shoot, since my husband is usually my assistant and he carries the baby in the back while assisting me. Besides [&hellip;]\" \/>\n<meta property=\"og:url\" content=\"https:\/\/gabrielaolem.com\/sv\/about\/\" \/>\n<meta property=\"og:site_name\" content=\"Gabriela Olem Fotograf\" \/>\n<meta property=\"article:publisher\" content=\"https:\/\/www.facebook.com\/Gab.Olem\" \/>\n<meta property=\"article:modified_time\" content=\"2022-10-11T19:59:32+00:00\" \/>\n<meta property=\"og:image\" content=\"https:\/\/gabrielaolem.com\/wp-content\/uploads\/2022\/08\/Gabriela-Olem-Fotograf-Kalmar.jpg\" \/>\n\t<meta property=\"og:image:width\" content=\"2048\" \/>\n\t<meta property=\"og:image:height\" content=\"1365\" \/>\n\t<meta property=\"og:image:type\" content=\"image\/jpeg\" \/>\n<meta name=\"twitter:card\" content=\"summary_large_image\" \/>\n<meta name=\"twitter:label1\" content=\"Ber\u00e4knad l\u00e4stid\" \/>\n\t<meta name=\"twitter:data1\" content=\"2 minuter\" \/>\n<script type=\"application\/ld+json\" class=\"yoast-schema-graph\">{\"@context\":\"https:\/\/schema.org\",\"@graph\":[{\"@type\":\"WebPage\",\"@id\":\"https:\/\/gabrielaolem.com\/about\/\",\"url\":\"https:\/\/gabrielaolem.com\/about\/\",\"name\":\"About - Gabriela Olem Fotograf\",\"isPartOf\":{\"@id\":\"https:\/\/gabrielaolem.com\/#website\"},\"primaryImageOfPage\":{\"@id\":\"https:\/\/gabrielaolem.com\/about\/#primaryimage\"},\"image\":{\"@id\":\"https:\/\/gabrielaolem.com\/about\/#primaryimage\"},\"thumbnailUrl\":\"https:\/\/gabrielaolem.com\/wp-content\/uploads\/2022\/08\/Gabriela-Olem-Fotograf-Kalmar.jpg\",\"datePublished\":\"2022-07-11T18:48:23+00:00\",\"dateModified\":\"2022-10-11T19:59:32+00:00\",\"breadcrumb\":{\"@id\":\"https:\/\/gabrielaolem.com\/about\/#breadcrumb\"},\"inLanguage\":\"sv-SE\",\"potentialAction\":[{\"@type\":\"ReadAction\",\"target\":[\"https:\/\/gabrielaolem.com\/about\/\"]}]},{\"@type\":\"ImageObject\",\"inLanguage\":\"sv-SE\",\"@id\":\"https:\/\/gabrielaolem.com\/about\/#primaryimage\",\"url\":\"https:\/\/gabrielaolem.com\/wp-content\/uploads\/2022\/08\/Gabriela-Olem-Fotograf-Kalmar.jpg\",\"contentUrl\":\"https:\/\/gabrielaolem.com\/wp-content\/uploads\/2022\/08\/Gabriela-Olem-Fotograf-Kalmar.jpg\",\"width\":2048,\"height\":1365,\"caption\":\"Gabriela Olem Fotograf Kalmar\"},{\"@type\":\"BreadcrumbList\",\"@id\":\"https:\/\/gabrielaolem.com\/about\/#breadcrumb\",\"itemListElement\":[{\"@type\":\"ListItem\",\"position\":1,\"name\":\"Home\",\"item\":\"https:\/\/gabrielaolem.com\/\"},{\"@type\":\"ListItem\",\"position\":2,\"name\":\"About\"}]},{\"@type\":\"WebSite\",\"@id\":\"https:\/\/gabrielaolem.com\/#website\",\"url\":\"https:\/\/gabrielaolem.com\/\",\"name\":\"Gabriela Olem Fotograf\",\"description\":\"Photographer in Kalmar, \u00d6land and region \/\/ Fotograf i Kalmar, \u00d6land och region\",\"publisher\":{\"@id\":\"https:\/\/gabrielaolem.com\/#organization\"},\"potentialAction\":[{\"@type\":\"SearchAction\",\"target\":{\"@type\":\"EntryPoint\",\"urlTemplate\":\"https:\/\/gabrielaolem.com\/?s={search_term_string}\"},\"query-input\":{\"@type\":\"PropertyValueSpecification\",\"valueRequired\":true,\"valueName\":\"search_term_string\"}}],\"inLanguage\":\"sv-SE\"},{\"@type\":\"Organization\",\"@id\":\"https:\/\/gabrielaolem.com\/#organization\",\"name\":\"Gabriela Olem Fotograf\",\"url\":\"https:\/\/gabrielaolem.com\/\",\"logo\":{\"@type\":\"ImageObject\",\"inLanguage\":\"sv-SE\",\"@id\":\"https:\/\/gabrielaolem.com\/#\/schema\/logo\/image\/\",\"url\":\"https:\/\/gabrielaolem.com\/wp-content\/uploads\/2022\/07\/Ramo-e-texto-marrom.png\",\"contentUrl\":\"https:\/\/gabrielaolem.com\/wp-content\/uploads\/2022\/07\/Ramo-e-texto-marrom.png\",\"width\":2199,\"height\":1031,\"caption\":\"Gabriela Olem Fotograf\"},\"image\":{\"@id\":\"https:\/\/gabrielaolem.com\/#\/schema\/logo\/image\/\"},\"sameAs\":[\"https:\/\/www.facebook.com\/Gab.Olem\",\"https:\/\/www.instagram.com\/gabrielaolem.foto\/\"]}]}<\/script>\n<!-- \/ Yoast SEO plugin. -->","yoast_head_json":{"title":"About - Gabriela Olem Fotograf","robots":{"index":"index","follow":"follow","max-snippet":"max-snippet:-1","max-image-preview":"max-image-preview:large","max-video-preview":"max-video-preview:-1"},"canonical":"https:\/\/gabrielaolem.com\/sv\/about\/","og_locale":"sv_SE","og_type":"article","og_title":"About - Gabriela Olem Fotograf","og_description":"Oi, hello, hej hej! I am Gabriela, a Brazilian living in Kalmar, Sweden. I am married and have one beautiful and amazing little boy. You may have the luck to meet him in a photo shoot, since my husband is usually my assistant and he carries the baby in the back while assisting me. Besides [&hellip;]","og_url":"https:\/\/gabrielaolem.com\/sv\/about\/","og_site_name":"Gabriela Olem Fotograf","article_publisher":"https:\/\/www.facebook.com\/Gab.Olem","article_modified_time":"2022-10-11T19:59:32+00:00","og_image":[{"width":2048,"height":1365,"url":"https:\/\/gabrielaolem.com\/wp-content\/uploads\/2022\/08\/Gabriela-Olem-Fotograf-Kalmar.jpg","type":"image\/jpeg"}],"twitter_card":"summary_large_image","twitter_misc":{"Ber\u00e4knad l\u00e4stid":"2 minuter"},"schema":{"@context":"https:\/\/schema.org","@graph":[{"@type":"WebPage","@id":"https:\/\/gabrielaolem.com\/about\/","url":"https:\/\/gabrielaolem.com\/about\/","name":"About - Gabriela Olem Fotograf","isPartOf":{"@id":"https:\/\/gabrielaolem.com\/#website"},"primaryImageOfPage":{"@id":"https:\/\/gabrielaolem.com\/about\/#primaryimage"},"image":{"@id":"https:\/\/gabrielaolem.com\/about\/#primaryimage"},"thumbnailUrl":"https:\/\/gabrielaolem.com\/wp-content\/uploads\/2022\/08\/Gabriela-Olem-Fotograf-Kalmar.jpg","datePublished":"2022-07-11T18:48:23+00:00","dateModified":"2022-10-11T19:59:32+00:00","breadcrumb":{"@id":"https:\/\/gabrielaolem.com\/about\/#breadcrumb"},"inLanguage":"sv-SE","potentialAction":[{"@type":"ReadAction","target":["https:\/\/gabrielaolem.com\/about\/"]}]},{"@type":"ImageObject","inLanguage":"sv-SE","@id":"https:\/\/gabrielaolem.com\/about\/#primaryimage","url":"https:\/\/gabrielaolem.com\/wp-content\/uploads\/2022\/08\/Gabriela-Olem-Fotograf-Kalmar.jpg","contentUrl":"https:\/\/gabrielaolem.com\/wp-content\/uploads\/2022\/08\/Gabriela-Olem-Fotograf-Kalmar.jpg","width":2048,"height":1365,"caption":"Gabriela Olem Fotograf Kalmar"},{"@type":"BreadcrumbList","@id":"https:\/\/gabrielaolem.com\/about\/#breadcrumb","itemListElement":[{"@type":"ListItem","position":1,"name":"Home","item":"https:\/\/gabrielaolem.com\/"},{"@type":"ListItem","position":2,"name":"About"}]},{"@type":"WebSite","@id":"https:\/\/gabrielaolem.com\/#website","url":"https:\/\/gabrielaolem.com\/","name":"Gabriela Olem Fotograf","description":"Photographer in Kalmar, \u00d6land and region \/\/ Fotograf i Kalmar, \u00d6land och region","publisher":{"@id":"https:\/\/gabrielaolem.com\/#organization"},"potentialAction":[{"@type":"SearchAction","target":{"@type":"EntryPoint","urlTemplate":"https:\/\/gabrielaolem.com\/?s={search_term_string}"},"query-input":{"@type":"PropertyValueSpecification","valueRequired":true,"valueName":"search_term_string"}}],"inLanguage":"sv-SE"},{"@type":"Organization","@id":"https:\/\/gabrielaolem.com\/#organization","name":"Gabriela Olem Fotograf","url":"https:\/\/gabrielaolem.com\/","logo":{"@type":"ImageObject","inLanguage":"sv-SE","@id":"https:\/\/gabrielaolem.com\/#\/schema\/logo\/image\/","url":"https:\/\/gabrielaolem.com\/wp-content\/uploads\/2022\/07\/Ramo-e-texto-marrom.png","contentUrl":"https:\/\/gabrielaolem.com\/wp-content\/uploads\/2022\/07\/Ramo-e-texto-marrom.png","width":2199,"height":1031,"caption":"Gabriela Olem Fotograf"},"image":{"@id":"https:\/\/gabrielaolem.com\/#\/schema\/logo\/image\/"},"sameAs":["https:\/\/www.facebook.com\/Gab.Olem","https:\/\/www.instagram.com\/gabrielaolem.foto\/"]}]}},"_links":{"self":[{"href":"https:\/\/gabrielaolem.com\/sv\/wp-json\/wp\/v2\/pages\/50","targetHints":{"allow":["GET"]}}],"collection":[{"href":"https:\/\/gabrielaolem.com\/sv\/wp-json\/wp\/v2\/pages"}],"about":[{"href":"https:\/\/gabrielaolem.com\/sv\/wp-json\/wp\/v2\/types\/page"}],"author":[{"embeddable":true,"href":"https:\/\/gabrielaolem.com\/sv\/wp-json\/wp\/v2\/users\/1"}],"replies":[{"embeddable":true,"href":"https:\/\/gabrielaolem.com\/sv\/wp-json\/wp\/v2\/comments?post=50"}],"version-history":[{"count":36,"href":"https:\/\/gabrielaolem.com\/sv\/wp-json\/wp\/v2\/pages\/50\/revisions"}],"predecessor-version":[{"id":784,"href":"https:\/\/gabrielaolem.com\/sv\/wp-json\/wp\/v2\/pages\/50\/revisions\/784"}],"wp:featuredmedia":[{"embeddable":true,"href":"https:\/\/gabrielaolem.com\/sv\/wp-json\/wp\/v2\/media\/131"}],"wp:attachment":[{"href":"https:\/\/gabrielaolem.com\/sv\/wp-json\/wp\/v2\/media?parent=50"}],"curies":[{"name":"wp","href":"https:\/\/api.w.org\/{rel}","templated":true}]}}