{"id":49,"date":"2022-07-11T18:48:23","date_gmt":"2022-07-11T18:48:23","guid":{"rendered":"http:\/\/gabrielaolem.com\/?page_id=49"},"modified":"2025-05-26T11:38:11","modified_gmt":"2025-05-26T11:38:11","slug":"home-gabriela-olem-fotograf-kalmar","status":"publish","type":"page","link":"https:\/\/gabrielaolem.com\/sv\/","title":{"rendered":"Hem"},"content":{"rendered":"<div data-elementor-type=\"wp-page\" data-elementor-id=\"49\" class=\"elementor elementor-49\" data-elementor-post-type=\"page\">\n\t\t\t\t\t\t<section class=\"elementor-section elementor-top-section elementor-element elementor-element-cd4623c elementor-section-boxed elementor-section-height-default elementor-section-height-default\" data-id=\"cd4623c\" data-element_type=\"section\">\n\t\t\t\t\t\t<div class=\"elementor-container elementor-column-gap-default\">\n\t\t\t\t\t<div class=\"elementor-column elementor-col-100 elementor-top-column elementor-element elementor-element-902cbf1\" data-id=\"902cbf1\" data-element_type=\"column\">\n\t\t\t<div class=\"elementor-widget-wrap elementor-element-populated\">\n\t\t\t\t\t\t<div class=\"elementor-element elementor-element-8765d39 elementor-widget elementor-widget-heading\" data-id=\"8765d39\" data-element_type=\"widget\" data-widget_type=\"heading.default\">\n\t\t\t\t<div class=\"elementor-widget-container\">\n\t\t\t\t\t<h1 class=\"elementor-heading-title elementor-size-default\">Fotograf i Kalmar och \u00d6land<\/h1>\t\t\t\t<\/div>\n\t\t\t\t<\/div>\n\t\t\t\t\t<\/div>\n\t\t<\/div>\n\t\t\t\t\t<\/div>\n\t\t<\/section>\n\t\t\t\t<section class=\"elementor-section elementor-top-section elementor-element elementor-element-88bbef2 elementor-section-boxed elementor-section-height-default elementor-section-height-default\" data-id=\"88bbef2\" data-element_type=\"section\">\n\t\t\t\t\t\t<div class=\"elementor-container elementor-column-gap-default\">\n\t\t\t\t\t<div class=\"elementor-column elementor-col-100 elementor-top-column elementor-element elementor-element-ffec6a1\" data-id=\"ffec6a1\" data-element_type=\"column\">\n\t\t\t<div class=\"elementor-widget-wrap elementor-element-populated\">\n\t\t\t\t\t\t<div class=\"elementor-element elementor-element-d13d7f9 elementor-widget elementor-widget-text-editor\" data-id=\"d13d7f9\" data-element_type=\"widget\" data-widget_type=\"text-editor.default\">\n\t\t\t\t<div class=\"elementor-widget-container\">\n\t\t\t\t\t\t\t\t\t<p>Gabriela Olem \u2013 Fotograf i Kalmar och \u00d6land med fokus p\u00e5 livets spontanitet<\/p>\t\t\t\t\t\t\t\t<\/div>\n\t\t\t\t<\/div>\n\t\t\t\t\t<\/div>\n\t\t<\/div>\n\t\t\t\t\t<\/div>\n\t\t<\/section>\n\t\t\t\t<section class=\"elementor-section elementor-top-section elementor-element elementor-element-7c20030 elementor-section-boxed elementor-section-height-default elementor-section-height-default\" data-id=\"7c20030\" data-element_type=\"section\">\n\t\t\t\t\t\t<div class=\"elementor-container elementor-column-gap-default\">\n\t\t\t\t\t<div class=\"elementor-column elementor-col-100 elementor-top-column elementor-element elementor-element-fc7b41d\" data-id=\"fc7b41d\" data-element_type=\"column\">\n\t\t\t<div class=\"elementor-widget-wrap elementor-element-populated\">\n\t\t\t\t\t\t<div class=\"elementor-element elementor-element-6c8b75b elementor--h-position-center elementor--v-position-middle elementor-widget elementor-widget-slides\" data-id=\"6c8b75b\" data-element_type=\"widget\" data-settings=\"{&quot;navigation&quot;:&quot;none&quot;,&quot;transition&quot;:&quot;fade&quot;,&quot;autoplay_speed&quot;:4000,&quot;transition_speed&quot;:800,&quot;autoplay&quot;:&quot;yes&quot;,&quot;pause_on_interaction&quot;:&quot;yes&quot;,&quot;infinite&quot;:&quot;yes&quot;}\" data-widget_type=\"slides.default\">\n\t\t\t\t<div class=\"elementor-widget-container\">\n\t\t\t\t\t\t\t\t\t<div class=\"elementor-swiper\">\n\t\t\t\t\t<div class=\"elementor-slides-wrapper elementor-main-swiper swiper\" role=\"region\" aria-roledescription=\"carousel\" aria-label=\"Slides\" dir=\"ltr\" data-animation=\"fadeInUp\">\n\t\t\t\t<div class=\"swiper-wrapper elementor-slides\">\n\t\t\t\t\t\t\t\t\t\t<div class=\"elementor-repeater-item-408f2f8 swiper-slide\" role=\"group\" aria-roledescription=\"slide\"><div class=\"swiper-slide-bg elementor-ken-burns elementor-ken-burns--in\" role=\"img\"><\/div><div class=\"swiper-slide-inner\" ><div class=\"swiper-slide-contents\"><\/div><\/div><\/div><div class=\"elementor-repeater-item-e16b139 swiper-slide\" role=\"group\" aria-roledescription=\"slide\"><div class=\"swiper-slide-bg elementor-ken-burns elementor-ken-burns--in\" role=\"img\"><\/div><div class=\"swiper-slide-inner\" ><div class=\"swiper-slide-contents\"><\/div><\/div><\/div><div class=\"elementor-repeater-item-8053884 swiper-slide\" role=\"group\" aria-roledescription=\"slide\"><div class=\"swiper-slide-bg elementor-ken-burns elementor-ken-burns--in\" role=\"img\"><\/div><div class=\"swiper-slide-inner\" ><div class=\"swiper-slide-contents\"><\/div><\/div><\/div><div class=\"elementor-repeater-item-8a6a1d2 swiper-slide\" role=\"group\" aria-roledescription=\"slide\"><div class=\"swiper-slide-bg elementor-ken-burns elementor-ken-burns--in\" role=\"img\"><\/div><div class=\"swiper-slide-inner\" ><div class=\"swiper-slide-contents\"><\/div><\/div><\/div><div class=\"elementor-repeater-item-ac18863 swiper-slide\" role=\"group\" aria-roledescription=\"slide\"><div class=\"swiper-slide-bg elementor-ken-burns elementor-ken-burns--in\" role=\"img\"><\/div><div class=\"swiper-slide-inner\" ><div class=\"swiper-slide-contents\"><\/div><\/div><\/div><div class=\"elementor-repeater-item-2ef903b swiper-slide\" role=\"group\" aria-roledescription=\"slide\"><div class=\"swiper-slide-bg elementor-ken-burns elementor-ken-burns--in\" role=\"img\"><\/div><div class=\"swiper-slide-inner\" ><div class=\"swiper-slide-contents\"><\/div><\/div><\/div><div class=\"elementor-repeater-item-8bf2ec8 swiper-slide\" role=\"group\" aria-roledescription=\"slide\"><div class=\"swiper-slide-bg elementor-ken-burns elementor-ken-burns--in\" role=\"img\"><\/div><div class=\"swiper-slide-inner\" ><div class=\"swiper-slide-contents\"><\/div><\/div><\/div><div class=\"elementor-repeater-item-0a1d4a3 swiper-slide\" role=\"group\" aria-roledescription=\"slide\"><div class=\"swiper-slide-bg elementor-ken-burns elementor-ken-burns--in\" role=\"img\"><\/div><div class=\"swiper-slide-inner\" ><div class=\"swiper-slide-contents\"><\/div><\/div><\/div>\t\t\t\t<\/div>\n\t\t\t\t\t\t\t\t\t\t\t\t\t\t\t\t\t\t\t\t\t<\/div>\n\t\t\t\t<\/div>\n\t\t\t\t\t\t\t\t<\/div>\n\t\t\t\t<\/div>\n\t\t\t\t\t<\/div>\n\t\t<\/div>\n\t\t\t\t\t<\/div>\n\t\t<\/section>\n\t\t\t\t<section class=\"elementor-section elementor-top-section elementor-element elementor-element-e1ac728 elementor-section-boxed elementor-section-height-default elementor-section-height-default\" data-id=\"e1ac728\" data-element_type=\"section\">\n\t\t\t\t\t\t<div class=\"elementor-container elementor-column-gap-default\">\n\t\t\t\t\t<div class=\"elementor-column elementor-col-100 elementor-top-column elementor-element elementor-element-a76b09f\" data-id=\"a76b09f\" data-element_type=\"column\">\n\t\t\t<div class=\"elementor-widget-wrap elementor-element-populated\">\n\t\t\t\t\t\t<div class=\"elementor-element elementor-element-6301c89 elementor-testimonial--mobile-align-left elementor-testimonial--skin-default elementor-testimonial--layout-image_inline elementor-testimonial--align-center elementor-arrows-yes elementor-pagination-type-bullets elementor-widget elementor-widget-testimonial-carousel\" data-id=\"6301c89\" data-element_type=\"widget\" data-settings=\"{&quot;autoplay_speed&quot;:8000,&quot;slides_per_view&quot;:&quot;1&quot;,&quot;show_arrows&quot;:&quot;yes&quot;,&quot;pagination&quot;:&quot;bullets&quot;,&quot;speed&quot;:500,&quot;autoplay&quot;:&quot;yes&quot;,&quot;loop&quot;:&quot;yes&quot;,&quot;pause_on_hover&quot;:&quot;yes&quot;,&quot;pause_on_interaction&quot;:&quot;yes&quot;,&quot;space_between&quot;:{&quot;unit&quot;:&quot;px&quot;,&quot;size&quot;:10,&quot;sizes&quot;:[]},&quot;space_between_tablet&quot;:{&quot;unit&quot;:&quot;px&quot;,&quot;size&quot;:10,&quot;sizes&quot;:[]},&quot;space_between_mobile&quot;:{&quot;unit&quot;:&quot;px&quot;,&quot;size&quot;:10,&quot;sizes&quot;:[]}}\" data-widget_type=\"testimonial-carousel.default\">\n\t\t\t\t<div class=\"elementor-widget-container\">\n\t\t\t\t\t\t\t\t\t<div class=\"elementor-swiper\">\n\t\t\t\t\t<div class=\"elementor-main-swiper swiper\" role=\"region\" aria-roledescription=\"carousel\" aria-label=\"Slides\">\n\t\t\t\t<div class=\"swiper-wrapper\">\n\t\t\t\t\t\t\t\t\t\t\t<div class=\"swiper-slide\" role=\"group\" aria-roledescription=\"slide\">\n\t\t\t\t\t\t\t\t\t<div class=\"elementor-testimonial\">\n\t\t\t\t\t\t\t<div class=\"elementor-testimonial__content\">\n\t\t\t\t\t<div class=\"elementor-testimonial__text\">\n\t\t\t\t\t\tVi \u00e4r v\u00e4ldigt n\u00f6jda med b\u00e5de bilderna och med Gabriela. Vi gjorde en familjefotografering och Gabriela fick oss att k\u00e4nna oss avslappnade i en annars obekv\u00e4m situation. Bilderna blev fantastiska. Tack Gabriela.\t\t\t\t\t<\/div>\n\t\t\t\t\t\t\t\t\t<\/div>\n\t\t\t\t\t\t<div class=\"elementor-testimonial__footer\">\n\t\t\t\t\t\t\t\t\t<div class=\"elementor-testimonial__image\">\n\t\t\t\t\t\t<img decoding=\"async\" src=\"https:\/\/gabrielaolem.com\/wp-content\/uploads\/2022\/08\/Gabriela-Olem-Fotograf-Kalmar-O\u0308land_7.jpg\" alt=\"Nellie Thoms\">\n\t\t\t\t\t\t\t\t\t\t\t<\/div>\n\t\t\t\t\t\t\t\t<cite class=\"elementor-testimonial__cite\"><span class=\"elementor-testimonial__name\">Nellie Thoms<\/span><span class=\"elementor-testimonial__title\">Familj fotografering<\/span><\/cite>\t\t\t<\/div>\n\t\t<\/div>\n\t\t\t\t\t\t\t\t<\/div>\n\t\t\t\t\t\t\t\t\t\t\t<div class=\"swiper-slide\" role=\"group\" aria-roledescription=\"slide\">\n\t\t\t\t\t\t\t\t\t<div class=\"elementor-testimonial\">\n\t\t\t\t\t\t\t<div class=\"elementor-testimonial__content\">\n\t\t\t\t\t<div class=\"elementor-testimonial__text\">\n\t\t\t\t\t\tGabriela fick hela familjen att slappna av och ha roligt under v\u00e5r fotografering. Resultatet blev massor av spontana bilder av fantastisk kvalitet. Gabriela \u00e4r en otroligt skicklig fotograf!\t\t\t\t\t<\/div>\n\t\t\t\t\t\t\t\t\t<\/div>\n\t\t\t\t\t\t<div class=\"elementor-testimonial__footer\">\n\t\t\t\t\t\t\t\t\t<div class=\"elementor-testimonial__image\">\n\t\t\t\t\t\t<img decoding=\"async\" src=\"https:\/\/gabrielaolem.com\/wp-content\/uploads\/2022\/08\/Gabriela-Olem-Fotograf-Kalmar-O\u0308land_80.jpg\" alt=\"Hanna Karlsson\">\n\t\t\t\t\t\t\t\t\t\t\t<\/div>\n\t\t\t\t\t\t\t\t<cite class=\"elementor-testimonial__cite\"><span class=\"elementor-testimonial__name\">Hanna Karlsson<\/span><span class=\"elementor-testimonial__title\">Familj fotografering<\/span><\/cite>\t\t\t<\/div>\n\t\t<\/div>\n\t\t\t\t\t\t\t\t<\/div>\n\t\t\t\t\t\t\t\t\t\t\t<div class=\"swiper-slide\" role=\"group\" aria-roledescription=\"slide\">\n\t\t\t\t\t\t\t\t\t<div class=\"elementor-testimonial\">\n\t\t\t\t\t\t\t<div class=\"elementor-testimonial__content\">\n\t\t\t\t\t<div class=\"elementor-testimonial__text\">\n\t\t\t\t\t\tFotosessionen var mycket angen\u00e4m och till\u00e4t oss att vara helt bekv\u00e4ma. V\u00e5r \u00e5sikt \u00e4r att detta \u00e4r positiv aspekt f\u00f6r en fotograf ut\u00f6ver all professionalism. Resultatet kunde inte bli b\u00e4ttre, bilderna var utm\u00e4rkta och av mycket h\u00f6g kvalitet.\nVi \u00e4r glada att detta \u00f6gonblick inte endast finns kvar i v\u00e5rt minne. Stort tack Gabriela.\t\t\t\t\t<\/div>\n\t\t\t\t\t\t\t\t\t<\/div>\n\t\t\t\t\t\t<div class=\"elementor-testimonial__footer\">\n\t\t\t\t\t\t\t\t\t<div class=\"elementor-testimonial__image\">\n\t\t\t\t\t\t<img decoding=\"async\" src=\"https:\/\/gabrielaolem.com\/wp-content\/uploads\/2022\/08\/Gabriela-Olem-Fotograf-Kalmar-O\u0308land_73.jpg\" alt=\"Lana Ferreira\">\n\t\t\t\t\t\t\t\t\t\t\t<\/div>\n\t\t\t\t\t\t\t\t<cite class=\"elementor-testimonial__cite\"><span class=\"elementor-testimonial__name\">Lana Ferreira<\/span><span class=\"elementor-testimonial__title\">Familj fotografering<\/span><\/cite>\t\t\t<\/div>\n\t\t<\/div>\n\t\t\t\t\t\t\t\t<\/div>\n\t\t\t\t\t\t\t\t\t\t\t<div class=\"swiper-slide\" role=\"group\" aria-roledescription=\"slide\">\n\t\t\t\t\t\t\t\t\t<div class=\"elementor-testimonial\">\n\t\t\t\t\t\t\t<div class=\"elementor-testimonial__content\">\n\t\t\t\t\t<div class=\"elementor-testimonial__text\">\n\t\t\t\t\t\tVi \u00e4r v\u00e4ldigt ovana av att vara framf\u00f6r kameran, men Gabriela lyckades f\u00e5nga moments som vi inte sj\u00e4lva riktigt uppm\u00e4rksammade, och bilderna blev b\u00e4ttre \u00e4n vad vi kunnat dr\u00f6mma om!\t\t\t\t\t<\/div>\n\t\t\t\t\t\t\t\t\t<\/div>\n\t\t\t\t\t\t<div class=\"elementor-testimonial__footer\">\n\t\t\t\t\t\t\t\t\t<div class=\"elementor-testimonial__image\">\n\t\t\t\t\t\t<img decoding=\"async\" src=\"https:\/\/gabrielaolem.com\/wp-content\/uploads\/2022\/08\/Gabriela-Olem-Fotograf-Kalmar-O\u0308land_36.jpg\" alt=\"Rebecca Karlsson\">\n\t\t\t\t\t\t\t\t\t\t\t<\/div>\n\t\t\t\t\t\t\t\t<cite class=\"elementor-testimonial__cite\"><span class=\"elementor-testimonial__name\">Rebeca Karlsson<\/span><span class=\"elementor-testimonial__title\">Familj fotografering<\/span><\/cite>\t\t\t<\/div>\n\t\t<\/div>\n\t\t\t\t\t\t\t\t<\/div>\n\t\t\t\t\t\t\t\t\t\t\t<div class=\"swiper-slide\" role=\"group\" aria-roledescription=\"slide\">\n\t\t\t\t\t\t\t\t\t<div class=\"elementor-testimonial\">\n\t\t\t\t\t\t\t<div class=\"elementor-testimonial__content\">\n\t\t\t\t\t<div class=\"elementor-testimonial__text\">\n\t\t\t\t\t\tP\u00e5 ett avslappnat, lekfullt och proffsigt s\u00e4tt lyckades Gabriela ta fantastiska bilder! Hon har ett \u00f6ga f\u00f6r detaljer och lyckades f\u00e5nga naturliga och livfulla bilder. Vi \u00e4r s\u00e5 n\u00f6jda med fotograferingen och kan varmt rekommendera Gabriela som fotograf.\t\t\t\t\t<\/div>\n\t\t\t\t\t\t\t\t\t<\/div>\n\t\t\t\t\t\t<div class=\"elementor-testimonial__footer\">\n\t\t\t\t\t\t\t\t\t<div class=\"elementor-testimonial__image\">\n\t\t\t\t\t\t<img decoding=\"async\" src=\"https:\/\/gabrielaolem.com\/wp-content\/uploads\/2022\/08\/Gabriela-Olem-Fotograf-Kalmar-O\u0308land_28.jpg\" alt=\"Lovisa Borgemo\">\n\t\t\t\t\t\t\t\t\t\t\t<\/div>\n\t\t\t\t\t\t\t\t<cite class=\"elementor-testimonial__cite\"><span class=\"elementor-testimonial__name\">Lovisa Borgemo<\/span><span class=\"elementor-testimonial__title\">Familj fotografering<\/span><\/cite>\t\t\t<\/div>\n\t\t<\/div>\n\t\t\t\t\t\t\t\t<\/div>\n\t\t\t\t\t\t\t\t\t\t\t<div class=\"swiper-slide\" role=\"group\" aria-roledescription=\"slide\">\n\t\t\t\t\t\t\t\t\t<div class=\"elementor-testimonial\">\n\t\t\t\t\t\t\t<div class=\"elementor-testimonial__content\">\n\t\t\t\t\t<div class=\"elementor-testimonial__text\">\n\t\t\t\t\t\tVi \u00e4r v\u00e4ldigt n\u00f6jda med bilderna som Gabriela tog p\u00e5 v\u00e5r familj! Hon f\u00e5ngade verkligen de fina \u00f6gonblicken och var kreativ! \ud83d\ude03\t\t\t\t\t<\/div>\n\t\t\t\t\t\t\t\t\t<\/div>\n\t\t\t\t\t\t<div class=\"elementor-testimonial__footer\">\n\t\t\t\t\t\t\t\t\t<div class=\"elementor-testimonial__image\">\n\t\t\t\t\t\t<img decoding=\"async\" src=\"https:\/\/gabrielaolem.com\/wp-content\/uploads\/2022\/08\/Gabriela-Olem-Fotograf-Kalmar-O\u0308land_1.jpg\" alt=\"Maja Wedlund\">\n\t\t\t\t\t\t\t\t\t\t\t<\/div>\n\t\t\t\t\t\t\t\t<cite class=\"elementor-testimonial__cite\"><span class=\"elementor-testimonial__name\">Maja Wedlund<\/span><span class=\"elementor-testimonial__title\">Familj fotografering<\/span><\/cite>\t\t\t<\/div>\n\t\t<\/div>\n\t\t\t\t\t\t\t\t<\/div>\n\t\t\t\t\t\t\t\t\t<\/div>\n\t\t\t\t\t\t\t\t\t\t\t\t\t\t\t<div class=\"elementor-swiper-button elementor-swiper-button-prev\" role=\"button\" tabindex=\"0\" aria-label=\"Previous\">\n\t\t\t\t\t\t\t<i aria-hidden=\"true\" class=\"eicon-chevron-left\"><\/i>\t\t\t\t\t\t<\/div>\n\t\t\t\t\t\t<div class=\"elementor-swiper-button elementor-swiper-button-next\" role=\"button\" tabindex=\"0\" aria-label=\"Next\">\n\t\t\t\t\t\t\t<i aria-hidden=\"true\" class=\"eicon-chevron-right\"><\/i>\t\t\t\t\t\t<\/div>\n\t\t\t\t\t\t\t\t\t\t\t\t\t\t\t\t<div class=\"swiper-pagination\"><\/div>\n\t\t\t\t\t\t\t\t\t\t\t\t<\/div>\n\t\t\t\t<\/div>\n\t\t\t\t\t\t\t\t<\/div>\n\t\t\t\t<\/div>\n\t\t\t\t<div class=\"elementor-element elementor-element-e562791 elementor-widget elementor-widget-text-editor\" data-id=\"e562791\" data-element_type=\"widget\" data-widget_type=\"text-editor.default\">\n\t\t\t\t<div class=\"elementor-widget-container\">\n\t\t\t\t\t\t\t\t\t<p><b>Gabriela Olem \u2013 Fotograf i Kalmar och \u00d6land<\/b><\/p><p>Med fokus p\u00e5 <a href=\"https:\/\/gabrielaolem.com\/sv\/family-and-children-familj-och-barn\/\">familj<\/a> fotografering, <a href=\"https:\/\/gabrielaolem.com\/sv\/pregnancy-gravid\/\">graviditet<\/a> fotografering, <a href=\"https:\/\/gabrielaolem.com\/sv\/family-and-children-familj-och-barn\/\">barn<\/a> fotografering, <a href=\"https:\/\/gabrielaolem.com\/sv\/portraits-and-corporate-portratt-och-foretag\/\">portr\u00e4tt<\/a> fotografering, och <a href=\"https:\/\/gabrielaolem.com\/sv\/portraits-and-corporate-portratt-och-foretag\/\">f\u00f6retag<\/a> photography, I strive for a photo session that is fun, relaxed, and remarkable, and for photos that are rich in colors and meaning. A precious moment in life that will bring a warmth inside whenever it&#8217;s seen.<\/p>\t\t\t\t\t\t\t\t<\/div>\n\t\t\t\t<\/div>\n\t\t\t\t\t<\/div>\n\t\t<\/div>\n\t\t\t\t\t<\/div>\n\t\t<\/section>\n\t\t\t\t<\/div>","protected":false},"excerpt":{"rendered":"<p>Photographer in Kalmar and \u00d6land Gabriela Olem &#8211; Photographer in Kalmar and \u00d6land with a focus on the spontaneity of life We are very satisfied with both the pictures and with Gabriela. We did a family photo shoot and Gabriela made us feel relaxed in an otherwise uncomfortable situation. The pictures turned out fantastic. Thank [&hellip;]<\/p>","protected":false},"author":1,"featured_media":0,"parent":0,"menu_order":0,"comment_status":"closed","ping_status":"closed","template":"","meta":{"footnotes":""},"class_list":["post-49","page","type-page","status-publish","hentry"],"yoast_head":"<!-- This site is optimized with the Yoast SEO plugin v27.2 - https:\/\/yoast.com\/product\/yoast-seo-wordpress\/ -->\n<title>Home - Gabriela Olem Fotograf<\/title>\n<meta name=\"description\" content=\"Gabriela Olem - Fotograf Kalmar \u00d6land. Family, pregnancy, portrait, and business photographer in Kalmar &amp; \u00d6land, with an eye for spontaneity.\" \/>\n<meta name=\"robots\" content=\"index, follow, max-snippet:-1, max-image-preview:large, max-video-preview:-1\" \/>\n<link rel=\"canonical\" href=\"https:\/\/gabrielaolem.com\/sv\/\" \/>\n<meta property=\"og:locale\" content=\"sv_SE\" \/>\n<meta property=\"og:type\" content=\"article\" \/>\n<meta property=\"og:title\" content=\"Home - Gabriela Olem Fotograf\" \/>\n<meta property=\"og:description\" content=\"Gabriela Olem - Fotograf Kalmar \u00d6land. Family, pregnancy, portrait, and business photographer in Kalmar &amp; \u00d6land, with an eye for spontaneity.\" \/>\n<meta property=\"og:url\" content=\"https:\/\/gabrielaolem.com\/sv\/\" \/>\n<meta property=\"og:site_name\" content=\"Gabriela Olem Fotograf\" \/>\n<meta property=\"article:publisher\" content=\"https:\/\/www.facebook.com\/Gab.Olem\" \/>\n<meta property=\"article:modified_time\" content=\"2025-05-26T11:38:11+00:00\" \/>\n<meta name=\"twitter:card\" content=\"summary_large_image\" \/>\n<meta name=\"twitter:label1\" content=\"Ber\u00e4knad l\u00e4stid\" \/>\n\t<meta name=\"twitter:data1\" content=\"4 minuter\" \/>\n<script type=\"application\/ld+json\" class=\"yoast-schema-graph\">{\"@context\":\"https:\/\/schema.org\",\"@graph\":[{\"@type\":\"WebPage\",\"@id\":\"https:\/\/gabrielaolem.com\/\",\"url\":\"https:\/\/gabrielaolem.com\/\",\"name\":\"Home - Gabriela Olem Fotograf\",\"isPartOf\":{\"@id\":\"https:\/\/gabrielaolem.com\/#website\"},\"datePublished\":\"2022-07-11T18:48:23+00:00\",\"dateModified\":\"2025-05-26T11:38:11+00:00\",\"description\":\"Gabriela Olem - Fotograf Kalmar \u00d6land. Family, pregnancy, portrait, and business photographer in Kalmar & \u00d6land, with an eye for spontaneity.\",\"breadcrumb\":{\"@id\":\"https:\/\/gabrielaolem.com\/#breadcrumb\"},\"inLanguage\":\"sv-SE\",\"potentialAction\":[{\"@type\":\"ReadAction\",\"target\":[\"https:\/\/gabrielaolem.com\/\"]}]},{\"@type\":\"BreadcrumbList\",\"@id\":\"https:\/\/gabrielaolem.com\/#breadcrumb\",\"itemListElement\":[{\"@type\":\"ListItem\",\"position\":1,\"name\":\"Home\",\"item\":\"https:\/\/gabrielaolem.com\/\"},{\"@type\":\"ListItem\",\"position\":2,\"name\":\"Home\"}]},{\"@type\":\"WebSite\",\"@id\":\"https:\/\/gabrielaolem.com\/#website\",\"url\":\"https:\/\/gabrielaolem.com\/\",\"name\":\"Gabriela Olem Fotograf\",\"description\":\"Photographer in Kalmar, \u00d6land and region \/\/ Fotograf i Kalmar, \u00d6land och region\",\"publisher\":{\"@id\":\"https:\/\/gabrielaolem.com\/#organization\"},\"potentialAction\":[{\"@type\":\"SearchAction\",\"target\":{\"@type\":\"EntryPoint\",\"urlTemplate\":\"https:\/\/gabrielaolem.com\/?s={search_term_string}\"},\"query-input\":{\"@type\":\"PropertyValueSpecification\",\"valueRequired\":true,\"valueName\":\"search_term_string\"}}],\"inLanguage\":\"sv-SE\"},{\"@type\":\"Organization\",\"@id\":\"https:\/\/gabrielaolem.com\/#organization\",\"name\":\"Gabriela Olem Fotograf\",\"url\":\"https:\/\/gabrielaolem.com\/\",\"logo\":{\"@type\":\"ImageObject\",\"inLanguage\":\"sv-SE\",\"@id\":\"https:\/\/gabrielaolem.com\/#\/schema\/logo\/image\/\",\"url\":\"https:\/\/gabrielaolem.com\/wp-content\/uploads\/2022\/07\/Ramo-e-texto-marrom.png\",\"contentUrl\":\"https:\/\/gabrielaolem.com\/wp-content\/uploads\/2022\/07\/Ramo-e-texto-marrom.png\",\"width\":2199,\"height\":1031,\"caption\":\"Gabriela Olem Fotograf\"},\"image\":{\"@id\":\"https:\/\/gabrielaolem.com\/#\/schema\/logo\/image\/\"},\"sameAs\":[\"https:\/\/www.facebook.com\/Gab.Olem\",\"https:\/\/www.instagram.com\/gabrielaolem.foto\/\"]}]}<\/script>\n<!-- \/ Yoast SEO plugin. -->","yoast_head_json":{"title":"Home - Gabriela Olem Fotograf","description":"Gabriela Olem - Fotograf Kalmar \u00d6land. Family, pregnancy, portrait, and business photographer in Kalmar & \u00d6land, with an eye for spontaneity.","robots":{"index":"index","follow":"follow","max-snippet":"max-snippet:-1","max-image-preview":"max-image-preview:large","max-video-preview":"max-video-preview:-1"},"canonical":"https:\/\/gabrielaolem.com\/sv\/","og_locale":"sv_SE","og_type":"article","og_title":"Home - Gabriela Olem Fotograf","og_description":"Gabriela Olem - Fotograf Kalmar \u00d6land. Family, pregnancy, portrait, and business photographer in Kalmar & \u00d6land, with an eye for spontaneity.","og_url":"https:\/\/gabrielaolem.com\/sv\/","og_site_name":"Gabriela Olem Fotograf","article_publisher":"https:\/\/www.facebook.com\/Gab.Olem","article_modified_time":"2025-05-26T11:38:11+00:00","twitter_card":"summary_large_image","twitter_misc":{"Ber\u00e4knad l\u00e4stid":"4 minuter"},"schema":{"@context":"https:\/\/schema.org","@graph":[{"@type":"WebPage","@id":"https:\/\/gabrielaolem.com\/","url":"https:\/\/gabrielaolem.com\/","name":"Home - Gabriela Olem Fotograf","isPartOf":{"@id":"https:\/\/gabrielaolem.com\/#website"},"datePublished":"2022-07-11T18:48:23+00:00","dateModified":"2025-05-26T11:38:11+00:00","description":"Gabriela Olem - Fotograf Kalmar \u00d6land. Family, pregnancy, portrait, and business photographer in Kalmar & \u00d6land, with an eye for spontaneity.","breadcrumb":{"@id":"https:\/\/gabrielaolem.com\/#breadcrumb"},"inLanguage":"sv-SE","potentialAction":[{"@type":"ReadAction","target":["https:\/\/gabrielaolem.com\/"]}]},{"@type":"BreadcrumbList","@id":"https:\/\/gabrielaolem.com\/#breadcrumb","itemListElement":[{"@type":"ListItem","position":1,"name":"Home","item":"https:\/\/gabrielaolem.com\/"},{"@type":"ListItem","position":2,"name":"Home"}]},{"@type":"WebSite","@id":"https:\/\/gabrielaolem.com\/#website","url":"https:\/\/gabrielaolem.com\/","name":"Gabriela Olem Fotograf","description":"Photographer in Kalmar, \u00d6land and region \/\/ Fotograf i Kalmar, \u00d6land och region","publisher":{"@id":"https:\/\/gabrielaolem.com\/#organization"},"potentialAction":[{"@type":"SearchAction","target":{"@type":"EntryPoint","urlTemplate":"https:\/\/gabrielaolem.com\/?s={search_term_string}"},"query-input":{"@type":"PropertyValueSpecification","valueRequired":true,"valueName":"search_term_string"}}],"inLanguage":"sv-SE"},{"@type":"Organization","@id":"https:\/\/gabrielaolem.com\/#organization","name":"Gabriela Olem Fotograf","url":"https:\/\/gabrielaolem.com\/","logo":{"@type":"ImageObject","inLanguage":"sv-SE","@id":"https:\/\/gabrielaolem.com\/#\/schema\/logo\/image\/","url":"https:\/\/gabrielaolem.com\/wp-content\/uploads\/2022\/07\/Ramo-e-texto-marrom.png","contentUrl":"https:\/\/gabrielaolem.com\/wp-content\/uploads\/2022\/07\/Ramo-e-texto-marrom.png","width":2199,"height":1031,"caption":"Gabriela Olem Fotograf"},"image":{"@id":"https:\/\/gabrielaolem.com\/#\/schema\/logo\/image\/"},"sameAs":["https:\/\/www.facebook.com\/Gab.Olem","https:\/\/www.instagram.com\/gabrielaolem.foto\/"]}]}},"_links":{"self":[{"href":"https:\/\/gabrielaolem.com\/sv\/wp-json\/wp\/v2\/pages\/49","targetHints":{"allow":["GET"]}}],"collection":[{"href":"https:\/\/gabrielaolem.com\/sv\/wp-json\/wp\/v2\/pages"}],"about":[{"href":"https:\/\/gabrielaolem.com\/sv\/wp-json\/wp\/v2\/types\/page"}],"author":[{"embeddable":true,"href":"https:\/\/gabrielaolem.com\/sv\/wp-json\/wp\/v2\/users\/1"}],"replies":[{"embeddable":true,"href":"https:\/\/gabrielaolem.com\/sv\/wp-json\/wp\/v2\/comments?post=49"}],"version-history":[{"count":138,"href":"https:\/\/gabrielaolem.com\/sv\/wp-json\/wp\/v2\/pages\/49\/revisions"}],"predecessor-version":[{"id":846,"href":"https:\/\/gabrielaolem.com\/sv\/wp-json\/wp\/v2\/pages\/49\/revisions\/846"}],"wp:attachment":[{"href":"https:\/\/gabrielaolem.com\/sv\/wp-json\/wp\/v2\/media?parent=49"}],"curies":[{"name":"wp","href":"https:\/\/api.w.org\/{rel}","templated":true}]}}